{"id":69,"date":"2021-01-21T23:02:44","date_gmt":"2021-01-21T22:02:44","guid":{"rendered":"https:\/\/aprendizdetodo.rafaelartacho.es\/?page_id=69"},"modified":"2021-01-21T23:02:44","modified_gmt":"2021-01-21T22:02:44","slug":"acerca-de-mi","status":"publish","type":"page","link":"https:\/\/rafaelartacho.es\/index.php\/acerca-de-mi\/","title":{"rendered":"ACERCA DE MI"},"content":{"rendered":"\n<p>Lleg\u00f3 la ansiada jubilaci\u00f3n y entre mi interminable lista de proyectos estaba la creaci\u00f3n de mi propia p\u00e1gina web.<br>Para los que no somos nativos digitales ni hemos realizado estudios inform\u00e1ticos es un reto dif\u00edcil, pero las ganas de aprender cosas nuevas ha sido una constante en mi vida y me enfrento a \u00e9l con entusiasmo e ilusi\u00f3n. <\/p>\n\n\n\n<figure class=\"wp-block-image size-large\"><img loading=\"lazy\" decoding=\"async\" width=\"960\" height=\"640\" src=\"https:\/\/rafaelartacho.es\/wp-content\/uploads\/2021\/01\/SEIS-HERMANOS.jpg\" alt=\"\" class=\"wp-image-191\" srcset=\"https:\/\/rafaelartacho.es\/wp-content\/uploads\/2021\/01\/SEIS-HERMANOS.jpg 960w, https:\/\/rafaelartacho.es\/wp-content\/uploads\/2021\/01\/SEIS-HERMANOS-300x200.jpg 300w, https:\/\/rafaelartacho.es\/wp-content\/uploads\/2021\/01\/SEIS-HERMANOS-768x512.jpg 768w\" sizes=\"auto, (max-width: 709px) 85vw, (max-width: 909px) 67vw, (max-width: 1362px) 62vw, 840px\" \/><figcaption><em>La familia es como la buena m\u00fasica, algunas notas altas, otras bajas, pero siempre es una hermosa canci\u00f3n<\/em><\/figcaption><\/figure>\n\n\n\n<p><strong>ACERCA DE LA WEB<\/strong><\/p>\n\n\n\n<p>Han sido muchas las \u00e1reas por las que he mostrado inter\u00e9s durante mi ya larga vida (coleccionismo, fotograf\u00eda, bricolaje, ajedrez, jardiner\u00eda, cocina, \u2026.) y eso me ha permitido descubrir mundos nuevos, experiencias interesantes y comprobar la verdad que encierra esa frase que dice que cu\u00e1nto m\u00e1s sabes, m\u00e1s cuenta te das de lo que ignoras. Ahora le llega el turno a las nuevas tecnolog\u00edas, y conf\u00edo que la elaboraci\u00f3n de esta p\u00e1gina me sirva para aprender m\u00e1s, ordenar mis recuerdos y quiz\u00e1 alg\u00fan d\u00eda resulte \u00fatil a alguien.<\/p>\n","protected":false},"excerpt":{"rendered":"<p>Lleg\u00f3 la ansiada jubilaci\u00f3n y entre mi interminable lista de proyectos estaba la creaci\u00f3n de mi propia p\u00e1gina web.Para los que no somos nativos digitales ni hemos realizado estudios inform\u00e1ticos es un reto dif\u00edcil, pero las ganas de aprender cosas nuevas ha sido una constante en mi vida y me enfrento a \u00e9l con entusiasmo &hellip; <a href=\"https:\/\/rafaelartacho.es\/index.php\/acerca-de-mi\/\" class=\"more-link\">Continuar leyendo<span class=\"screen-reader-text\"> \u00abACERCA DE MI\u00bb<\/span><\/a><\/p>\n","protected":false},"author":1,"featured_media":0,"parent":0,"menu_order":0,"comment_status":"closed","ping_status":"closed","template":"","meta":{"footnotes":""},"class_list":["post-69","page","type-page","status-publish","hentry"],"_links":{"self":[{"href":"https:\/\/rafaelartacho.es\/index.php\/wp-json\/wp\/v2\/pages\/69","targetHints":{"allow":["GET"]}}],"collection":[{"href":"https:\/\/rafaelartacho.es\/index.php\/wp-json\/wp\/v2\/pages"}],"about":[{"href":"https:\/\/rafaelartacho.es\/index.php\/wp-json\/wp\/v2\/types\/page"}],"author":[{"embeddable":true,"href":"https:\/\/rafaelartacho.es\/index.php\/wp-json\/wp\/v2\/users\/1"}],"replies":[{"embeddable":true,"href":"https:\/\/rafaelartacho.es\/index.php\/wp-json\/wp\/v2\/comments?post=69"}],"version-history":[{"count":0,"href":"https:\/\/rafaelartacho.es\/index.php\/wp-json\/wp\/v2\/pages\/69\/revisions"}],"wp:attachment":[{"href":"https:\/\/rafaelartacho.es\/index.php\/wp-json\/wp\/v2\/media?parent=69"}],"curies":[{"name":"wp","href":"https:\/\/api.w.org\/{rel}","templated":true}]}}