{"id":288,"date":"2021-02-13T19:22:57","date_gmt":"2021-02-13T18:22:57","guid":{"rendered":"https:\/\/aprendizdetodo.rafaelartacho.es\/?page_id=288"},"modified":"2023-07-15T22:51:15","modified_gmt":"2023-07-15T22:51:15","slug":"archivo-de-imagenes","status":"publish","type":"page","link":"https:\/\/rafaelartacho.es\/index.php\/archivo-de-imagenes\/","title":{"rendered":"ALBUMES DE MIS PADRES"},"content":{"rendered":"\n<p>Tras el fallecimiento de mis padres me hice cargo de los \u00e1lbumes de fotos que hab\u00edan juntado a lo largo de su larga vida. Tras un arduo proceso de escaneo e identificaci\u00f3n las he ordenado y clasificado. He confeccionado un \u00e1lbum para las fotos de la familia de mi padre, otro para la familia de mi madre y el tercero para su familia. Aqu\u00ed est\u00e1 el resultado:<\/p>\n\n\n\n<p><em>(Pinchando en cada foto se ve el \u00e1lbum correspondiente)<\/em><\/p>\n\n\n\n<figure class=\"wp-block-image size-full\"><a href=\"https:\/\/www.amazon.es\/photos\/share\/WDclgJ8nMgGcgsq7GGYNHxinqczMBnDnkBX7MOd3l4R\"><img loading=\"lazy\" decoding=\"async\" width=\"1792\" height=\"1298\" src=\"https:\/\/rafaelartacho.es\/wp-content\/uploads\/2023\/02\/LOS-8-MAGNIFICOS.jpg\" alt=\"\" class=\"wp-image-688\" srcset=\"https:\/\/rafaelartacho.es\/wp-content\/uploads\/2023\/02\/LOS-8-MAGNIFICOS.jpg 1792w, https:\/\/rafaelartacho.es\/wp-content\/uploads\/2023\/02\/LOS-8-MAGNIFICOS-300x217.jpg 300w, https:\/\/rafaelartacho.es\/wp-content\/uploads\/2023\/02\/LOS-8-MAGNIFICOS-1024x742.jpg 1024w, https:\/\/rafaelartacho.es\/wp-content\/uploads\/2023\/02\/LOS-8-MAGNIFICOS-768x556.jpg 768w, https:\/\/rafaelartacho.es\/wp-content\/uploads\/2023\/02\/LOS-8-MAGNIFICOS-1536x1113.jpg 1536w\" sizes=\"auto, (max-width: 709px) 85vw, (max-width: 909px) 67vw, (max-width: 1362px) 62vw, 840px\" \/><\/a><figcaption class=\"wp-element-caption\">FAMILIA ARTACHO ROJEL-ROGEL<\/figcaption><\/figure>\n\n\n\n<p><\/p>\n\n\n\n<figure class=\"wp-block-image size-full\"><a href=\"https:\/\/www.amazon.es\/photos\/share\/YgTYqSt7guRa7wRi7W3jKIM9FN7Ipu7sgWwTkoKoinE\"><img loading=\"lazy\" decoding=\"async\" width=\"2358\" height=\"1716\" src=\"https:\/\/rafaelartacho.es\/wp-content\/uploads\/2023\/02\/52-img021.jpg\" alt=\"\" class=\"wp-image-689\" srcset=\"https:\/\/rafaelartacho.es\/wp-content\/uploads\/2023\/02\/52-img021.jpg 2358w, https:\/\/rafaelartacho.es\/wp-content\/uploads\/2023\/02\/52-img021-300x218.jpg 300w, https:\/\/rafaelartacho.es\/wp-content\/uploads\/2023\/02\/52-img021-1024x745.jpg 1024w, https:\/\/rafaelartacho.es\/wp-content\/uploads\/2023\/02\/52-img021-768x559.jpg 768w, https:\/\/rafaelartacho.es\/wp-content\/uploads\/2023\/02\/52-img021-1536x1118.jpg 1536w, https:\/\/rafaelartacho.es\/wp-content\/uploads\/2023\/02\/52-img021-2048x1490.jpg 2048w\" sizes=\"auto, (max-width: 709px) 85vw, (max-width: 909px) 67vw, (max-width: 1362px) 62vw, 840px\" \/><\/a><figcaption class=\"wp-element-caption\">FAMILIA ARTACHO OLMEDO<\/figcaption><\/figure>\n\n\n\n<p><\/p>\n\n\n\n<figure class=\"wp-block-image size-full\"><a href=\"https:\/\/www.amazon.es\/photos\/share\/NaYhLUghOuDm282IfA9TjXOn9nDAXi7yFQLT9W7s5ct\"><img loading=\"lazy\" decoding=\"async\" width=\"960\" height=\"640\" src=\"https:\/\/rafaelartacho.es\/wp-content\/uploads\/2021\/01\/SEIS-HERMANOS.jpg\" alt=\"\" class=\"wp-image-191\" srcset=\"https:\/\/rafaelartacho.es\/wp-content\/uploads\/2021\/01\/SEIS-HERMANOS.jpg 960w, https:\/\/rafaelartacho.es\/wp-content\/uploads\/2021\/01\/SEIS-HERMANOS-300x200.jpg 300w, https:\/\/rafaelartacho.es\/wp-content\/uploads\/2021\/01\/SEIS-HERMANOS-768x512.jpg 768w\" sizes=\"auto, (max-width: 709px) 85vw, (max-width: 909px) 67vw, (max-width: 1362px) 62vw, 840px\" \/><\/a><figcaption class=\"wp-element-caption\">FAMILIA ARTACHO ARTACHO<\/figcaption><\/figure>\n\n\n\n<p><\/p>\n","protected":false},"excerpt":{"rendered":"<p>Tras el fallecimiento de mis padres me hice cargo de los \u00e1lbumes de fotos que hab\u00edan juntado a lo largo de su larga vida. Tras un arduo proceso de escaneo e identificaci\u00f3n las he ordenado y clasificado. He confeccionado un \u00e1lbum para las fotos de la familia de mi padre, otro para la familia de &hellip; <a href=\"https:\/\/rafaelartacho.es\/index.php\/archivo-de-imagenes\/\" class=\"more-link\">Continuar leyendo<span class=\"screen-reader-text\"> \u00abALBUMES DE MIS PADRES\u00bb<\/span><\/a><\/p>\n","protected":false},"author":1,"featured_media":0,"parent":0,"menu_order":0,"comment_status":"closed","ping_status":"closed","template":"","meta":{"footnotes":""},"class_list":["post-288","page","type-page","status-publish","hentry"],"_links":{"self":[{"href":"https:\/\/rafaelartacho.es\/index.php\/wp-json\/wp\/v2\/pages\/288","targetHints":{"allow":["GET"]}}],"collection":[{"href":"https:\/\/rafaelartacho.es\/index.php\/wp-json\/wp\/v2\/pages"}],"about":[{"href":"https:\/\/rafaelartacho.es\/index.php\/wp-json\/wp\/v2\/types\/page"}],"author":[{"embeddable":true,"href":"https:\/\/rafaelartacho.es\/index.php\/wp-json\/wp\/v2\/users\/1"}],"replies":[{"embeddable":true,"href":"https:\/\/rafaelartacho.es\/index.php\/wp-json\/wp\/v2\/comments?post=288"}],"version-history":[{"count":2,"href":"https:\/\/rafaelartacho.es\/index.php\/wp-json\/wp\/v2\/pages\/288\/revisions"}],"predecessor-version":[{"id":1160,"href":"https:\/\/rafaelartacho.es\/index.php\/wp-json\/wp\/v2\/pages\/288\/revisions\/1160"}],"wp:attachment":[{"href":"https:\/\/rafaelartacho.es\/index.php\/wp-json\/wp\/v2\/media?parent=288"}],"curies":[{"name":"wp","href":"https:\/\/api.w.org\/{rel}","templated":true}]}}