{"id":1820,"date":"2023-02-08T23:46:42","date_gmt":"2023-02-08T22:46:42","guid":{"rendered":"https:\/\/aprendizdetodo.rafaelartacho.es\/?page_id=697"},"modified":"2026-02-27T23:56:24","modified_gmt":"2026-02-27T23:56:24","slug":"curriculum-2","status":"publish","type":"page","link":"https:\/\/rafaelartacho.es\/index.php\/curriculum-2\/","title":{"rendered":"\u00c1RBOL GENEAL\u00d3GICO"},"content":{"rendered":"\n<p>Siempre he sentido curiosidad por conocer mis or\u00edgenes. Recuerdo que en una ocasi\u00f3n le pregunt\u00e9 a mi madre por sus t\u00edos y abuelos y tom\u00e9 nota de lo que me iba contando en un cuaderno que conservo desde hace m\u00e1s de 50 a\u00f1os. Tambi\u00e9n me dio informaci\u00f3n de sus hermanos, cu\u00f1ados y sobrinos que igualmente anot\u00e9 en dicho cuaderno.<\/p>\n\n\n\n<figure class=\"wp-block-image size-large\"><img loading=\"lazy\" decoding=\"async\" width=\"744\" height=\"1024\" src=\"https:\/\/rafaelartacho.es\/wp-content\/uploads\/2026\/02\/Hoja-familiar-mi-madre-744x1024.png\" alt=\"\" class=\"wp-image-1837\" srcset=\"https:\/\/rafaelartacho.es\/wp-content\/uploads\/2026\/02\/Hoja-familiar-mi-madre-744x1024.png 744w, https:\/\/rafaelartacho.es\/wp-content\/uploads\/2026\/02\/Hoja-familiar-mi-madre-218x300.png 218w, https:\/\/rafaelartacho.es\/wp-content\/uploads\/2026\/02\/Hoja-familiar-mi-madre-768x1057.png 768w, https:\/\/rafaelartacho.es\/wp-content\/uploads\/2026\/02\/Hoja-familiar-mi-madre.png 850w\" sizes=\"auto, (max-width: 744px) 85vw, 744px\" \/><figcaption class=\"wp-element-caption\">Hoja del cuaderno con la informaci\u00f3n que me dio mi madre sobre la familia de mis abuelos.<\/figcaption><\/figure>\n\n\n\n<p><br>En 2012, poco despu\u00e9s de que falleciera mi padre cre\u00e9 el sitio web Artacho Artacho en MyHeritage e inclu\u00ed ah\u00ed toda la informaci\u00f3n que ten\u00eda en dicho cuaderno.<\/p>\n\n\n\n<p>Con esa informaci\u00f3n he elaborado los cuadros que aparecen a continuaci\u00f3n.<\/p>\n\n\n\n<figure class=\"wp-block-image size-large is-resized\"><img loading=\"lazy\" decoding=\"async\" width=\"1024\" height=\"649\" src=\"https:\/\/rafaelartacho.es\/wp-content\/uploads\/2024\/11\/ARBOL-BISABUELOS-red--1024x649.jpg\" alt=\"\" class=\"wp-image-745\" style=\"width:630px;height:auto\" srcset=\"https:\/\/rafaelartacho.es\/wp-content\/uploads\/2024\/11\/ARBOL-BISABUELOS-red--1024x649.jpg 1024w, https:\/\/rafaelartacho.es\/wp-content\/uploads\/2024\/11\/ARBOL-BISABUELOS-red--300x190.jpg 300w, https:\/\/rafaelartacho.es\/wp-content\/uploads\/2024\/11\/ARBOL-BISABUELOS-red--768x487.jpg 768w, https:\/\/rafaelartacho.es\/wp-content\/uploads\/2024\/11\/ARBOL-BISABUELOS-red--1536x974.jpg 1536w, https:\/\/rafaelartacho.es\/wp-content\/uploads\/2024\/11\/ARBOL-BISABUELOS-red--2048x1299.jpg 2048w, https:\/\/rafaelartacho.es\/wp-content\/uploads\/2024\/11\/ARBOL-BISABUELOS-red--1200x761.jpg 1200w\" sizes=\"auto, (max-width: 709px) 85vw, (max-width: 909px) 67vw, (max-width: 1362px) 62vw, 840px\" \/><\/figure>\n\n\n\n<p>Mi abuela Elvira tuvo tres hijos de su primer matrimonio con Manuel Artacho Portillo (Vitoria, Manuel y Jos\u00e9).<\/p>\n\n\n\n<figure class=\"wp-block-image size-full\"><img decoding=\"async\" src=\"https:\/\/rafaelartacho.es\/wp-content\/uploads\/2024\/11\/ARBOL-DE-ELVIRA-Y-MANUEL-red.jpg\" alt=\"\" class=\"wp-image-746\"\/><\/figure>\n\n\n\n<p>Mi abuelo Manuel falleci\u00f3 durante la epidemia de lo que se llam\u00f3 gripe espa\u00f1ola en 1919 o 1920. Mi abuela Elvira contrajo nuevo matrimonio con el hermano del fallecido y tuvieron 5 hijos: Juan, Francisco, Carmen, Rafael y Antonio. <\/p>\n\n\n\n<figure class=\"wp-block-image size-full\"><img decoding=\"async\" src=\"https:\/\/rafaelartacho.es\/wp-content\/uploads\/2024\/11\/ARBOL-ELVIRA-Y-FRANCISCO-red.jpg\" alt=\"\" class=\"wp-image-747\"\/><\/figure>\n\n\n\n<p>Mi abuelo Rafael se cas\u00f3 con mi abuela Teresa Olmedo y tuvieron 8 hijos. Mejor dicho, llegaron a adultos 8 hijos (seis mujeres y dos hombres). Me contaba mi madre que su padre dec\u00eda que quer\u00eda tener doce hijos y cada vez que nac\u00eda uno apuntaba en una libreta todos los datos del nacimiento, nombre,fecha, sexo, peso etc. Quiso el destino que mi abuela pariera el d\u00e9cimo tercero y  entonces a ese ya no le anot\u00f3 en la libreta.<\/p>\n\n\n\n<figure class=\"wp-block-image size-full\"><img loading=\"lazy\" decoding=\"async\" width=\"1024\" height=\"584\" src=\"https:\/\/rafaelartacho.es\/wp-content\/uploads\/2026\/02\/1772236252736-0b2fa4e3-bd2e-417c-923c-31183d5f6b8a_1.jpg\" alt=\"\" class=\"wp-image-1843\" srcset=\"https:\/\/rafaelartacho.es\/wp-content\/uploads\/2026\/02\/1772236252736-0b2fa4e3-bd2e-417c-923c-31183d5f6b8a_1.jpg 1024w, https:\/\/rafaelartacho.es\/wp-content\/uploads\/2026\/02\/1772236252736-0b2fa4e3-bd2e-417c-923c-31183d5f6b8a_1-300x171.jpg 300w, https:\/\/rafaelartacho.es\/wp-content\/uploads\/2026\/02\/1772236252736-0b2fa4e3-bd2e-417c-923c-31183d5f6b8a_1-768x438.jpg 768w\" sizes=\"auto, (max-width: 709px) 85vw, (max-width: 909px) 67vw, (max-width: 1362px) 62vw, 840px\" \/><\/figure>\n\n\n\n<p>Le pregunt\u00e9 que hab\u00eda pasado con esa libreta y me dijo que no sab\u00eda si se hab\u00eda perdido o la ten\u00eda alguno de sus hermanos o hermanas. Para m\u00ed que guardo tantas cosas hubiera sido un tesoro.<\/p>\n\n\n\n<p>Mi padre Manuel y mi madre Mar\u00eda tuvieron seis hijos (cuatro hombres y dos mujeres).<\/p>\n\n\n\n<figure class=\"wp-block-image size-full\"><img loading=\"lazy\" decoding=\"async\" width=\"1024\" height=\"650\" src=\"https:\/\/rafaelartacho.es\/wp-content\/uploads\/2024\/11\/FAMILIA-DE-MANUEL-Y-MARIA-ARTACHO.jpg\" alt=\"\" class=\"wp-image-754\" srcset=\"https:\/\/rafaelartacho.es\/wp-content\/uploads\/2024\/11\/FAMILIA-DE-MANUEL-Y-MARIA-ARTACHO.jpg 1024w, https:\/\/rafaelartacho.es\/wp-content\/uploads\/2024\/11\/FAMILIA-DE-MANUEL-Y-MARIA-ARTACHO-300x190.jpg 300w, https:\/\/rafaelartacho.es\/wp-content\/uploads\/2024\/11\/FAMILIA-DE-MANUEL-Y-MARIA-ARTACHO-768x488.jpg 768w\" sizes=\"auto, (max-width: 709px) 85vw, (max-width: 909px) 67vw, (max-width: 1362px) 62vw, 840px\" \/><\/figure>\n\n\n\n<p><\/p>\n\n\n\n<p><\/p>\n","protected":false},"excerpt":{"rendered":"<p>Siempre he sentido curiosidad por conocer mis or\u00edgenes. Recuerdo que en una ocasi\u00f3n le pregunt\u00e9 a mi madre por sus t\u00edos y abuelos y tom\u00e9 nota de lo que me iba contando en un cuaderno que conservo desde hace m\u00e1s de 50 a\u00f1os. Tambi\u00e9n me dio informaci\u00f3n de sus hermanos, cu\u00f1ados y sobrinos que igualmente &hellip; <a href=\"https:\/\/rafaelartacho.es\/index.php\/curriculum-2\/\" class=\"more-link\">Continuar leyendo<span class=\"screen-reader-text\"> \u00ab\u00c1RBOL GENEAL\u00d3GICO\u00bb<\/span><\/a><\/p>\n","protected":false},"author":1,"featured_media":0,"parent":0,"menu_order":0,"comment_status":"closed","ping_status":"closed","template":"","meta":{"footnotes":""},"class_list":["post-1820","page","type-page","status-publish","hentry"],"_links":{"self":[{"href":"https:\/\/rafaelartacho.es\/index.php\/wp-json\/wp\/v2\/pages\/1820","targetHints":{"allow":["GET"]}}],"collection":[{"href":"https:\/\/rafaelartacho.es\/index.php\/wp-json\/wp\/v2\/pages"}],"about":[{"href":"https:\/\/rafaelartacho.es\/index.php\/wp-json\/wp\/v2\/types\/page"}],"author":[{"embeddable":true,"href":"https:\/\/rafaelartacho.es\/index.php\/wp-json\/wp\/v2\/users\/1"}],"replies":[{"embeddable":true,"href":"https:\/\/rafaelartacho.es\/index.php\/wp-json\/wp\/v2\/comments?post=1820"}],"version-history":[{"count":5,"href":"https:\/\/rafaelartacho.es\/index.php\/wp-json\/wp\/v2\/pages\/1820\/revisions"}],"predecessor-version":[{"id":1845,"href":"https:\/\/rafaelartacho.es\/index.php\/wp-json\/wp\/v2\/pages\/1820\/revisions\/1845"}],"wp:attachment":[{"href":"https:\/\/rafaelartacho.es\/index.php\/wp-json\/wp\/v2\/media?parent=1820"}],"curies":[{"name":"wp","href":"https:\/\/api.w.org\/{rel}","templated":true}]}}