{"id":1457,"date":"2025-05-22T21:24:51","date_gmt":"2025-05-22T21:24:51","guid":{"rendered":"https:\/\/rafaelartacho.es\/?page_id=1457"},"modified":"2025-05-23T08:32:20","modified_gmt":"2025-05-23T08:32:20","slug":"mis-albumes-de-casado","status":"publish","type":"page","link":"https:\/\/rafaelartacho.es\/index.php\/mis-albumes-de-casado\/","title":{"rendered":"MIS ALBUMES DE CASADO"},"content":{"rendered":"\n<p>Tambi\u00e9n he conseguido los \u00e1lbumes de fotos de la etapa m\u00e1s importante de mi vida, los he escaneado y he puesto en la nube para que mi hijos, nietos y dem\u00e1s familia puedan verlos. Son ocho \u00e1lbumes y est\u00e1n ordenados por fecha (m\u00e1s o menos). Aqu\u00ed est\u00e1 el resultado.<\/p>\n\n\n\n<p><em>(Pinchando en cada foto se ve el \u00e1lbum correspondiente)<\/em><\/p>\n\n\n\n<figure class=\"wp-block-image size-large\"><img loading=\"lazy\" decoding=\"async\" width=\"1024\" height=\"732\" src=\"https:\/\/rafaelartacho.es\/wp-content\/uploads\/2025\/05\/img890-verano-1975-1024x732.jpg\" alt=\"\" class=\"wp-image-1478\" srcset=\"https:\/\/rafaelartacho.es\/wp-content\/uploads\/2025\/05\/img890-verano-1975-1024x732.jpg 1024w, https:\/\/rafaelartacho.es\/wp-content\/uploads\/2025\/05\/img890-verano-1975-300x215.jpg 300w, https:\/\/rafaelartacho.es\/wp-content\/uploads\/2025\/05\/img890-verano-1975-768x549.jpg 768w, https:\/\/rafaelartacho.es\/wp-content\/uploads\/2025\/05\/img890-verano-1975-1536x1098.jpg 1536w, https:\/\/rafaelartacho.es\/wp-content\/uploads\/2025\/05\/img890-verano-1975-2048x1465.jpg 2048w, https:\/\/rafaelartacho.es\/wp-content\/uploads\/2025\/05\/img890-verano-1975-1200x858.jpg 1200w\" sizes=\"auto, (max-width: 709px) 85vw, (max-width: 909px) 67vw, (max-width: 1362px) 62vw, 840px\" \/><figcaption class=\"wp-element-caption\">\u00c1lbum n\u00famero 1<\/figcaption><\/figure>\n\n\n\n<p><\/p>\n\n\n\n<figure class=\"wp-block-image size-large\"><a href=\"https:\/\/www.amazon.es\/photos\/share\/2WFjywJTjLokkKk5LJn7k3Ex1k812xUvsACNX7I8VvN\"><img loading=\"lazy\" decoding=\"async\" width=\"1024\" height=\"740\" src=\"https:\/\/rafaelartacho.es\/wp-content\/uploads\/2025\/05\/img201-1024x740.jpg\" alt=\"\" class=\"wp-image-1460\" srcset=\"https:\/\/rafaelartacho.es\/wp-content\/uploads\/2025\/05\/img201-1024x740.jpg 1024w, https:\/\/rafaelartacho.es\/wp-content\/uploads\/2025\/05\/img201-300x217.jpg 300w, https:\/\/rafaelartacho.es\/wp-content\/uploads\/2025\/05\/img201-768x555.jpg 768w, https:\/\/rafaelartacho.es\/wp-content\/uploads\/2025\/05\/img201-1536x1109.jpg 1536w, https:\/\/rafaelartacho.es\/wp-content\/uploads\/2025\/05\/img201-2048x1479.jpg 2048w, https:\/\/rafaelartacho.es\/wp-content\/uploads\/2025\/05\/img201-1200x867.jpg 1200w\" sizes=\"auto, (max-width: 709px) 85vw, (max-width: 909px) 67vw, (max-width: 1362px) 62vw, 840px\" \/><\/a><figcaption class=\"wp-element-caption\">\u00c1lbum n\u00famero 2<\/figcaption><\/figure>\n\n\n\n<p><\/p>\n\n\n\n<figure class=\"wp-block-image size-large\"><a href=\"https:\/\/www.amazon.es\/photos\/share\/t3sOaT92T8HtcfC08fwCKP8K7xm0Dtk6huRaD2VcT7z\"><img loading=\"lazy\" decoding=\"async\" width=\"1024\" height=\"691\" src=\"https:\/\/rafaelartacho.es\/wp-content\/uploads\/2025\/05\/img258-1024x691.jpg\" alt=\"\" class=\"wp-image-1461\" srcset=\"https:\/\/rafaelartacho.es\/wp-content\/uploads\/2025\/05\/img258-1024x691.jpg 1024w, https:\/\/rafaelartacho.es\/wp-content\/uploads\/2025\/05\/img258-300x202.jpg 300w, https:\/\/rafaelartacho.es\/wp-content\/uploads\/2025\/05\/img258-768x518.jpg 768w, https:\/\/rafaelartacho.es\/wp-content\/uploads\/2025\/05\/img258-1536x1036.jpg 1536w, https:\/\/rafaelartacho.es\/wp-content\/uploads\/2025\/05\/img258-1200x810.jpg 1200w, https:\/\/rafaelartacho.es\/wp-content\/uploads\/2025\/05\/img258.jpg 1734w\" sizes=\"auto, (max-width: 709px) 85vw, (max-width: 909px) 67vw, (max-width: 1362px) 62vw, 840px\" \/><\/a><figcaption class=\"wp-element-caption\">\u00c1lbum n\u00famero 3<\/figcaption><\/figure>\n\n\n\n<p><\/p>\n\n\n\n<figure class=\"wp-block-image size-large\"><a href=\"https:\/\/www.amazon.es\/photos\/share\/LyuZzNvvcLpGM2wyPlccQgE4qVw8i7YHRNCGPbbp6hp\"><img loading=\"lazy\" decoding=\"async\" width=\"1024\" height=\"699\" src=\"https:\/\/rafaelartacho.es\/wp-content\/uploads\/2025\/05\/img438-1024x699.jpg\" alt=\"\" class=\"wp-image-1464\" srcset=\"https:\/\/rafaelartacho.es\/wp-content\/uploads\/2025\/05\/img438-1024x699.jpg 1024w, https:\/\/rafaelartacho.es\/wp-content\/uploads\/2025\/05\/img438-300x205.jpg 300w, https:\/\/rafaelartacho.es\/wp-content\/uploads\/2025\/05\/img438-768x524.jpg 768w, https:\/\/rafaelartacho.es\/wp-content\/uploads\/2025\/05\/img438-1536x1049.jpg 1536w, https:\/\/rafaelartacho.es\/wp-content\/uploads\/2025\/05\/img438-1200x820.jpg 1200w, https:\/\/rafaelartacho.es\/wp-content\/uploads\/2025\/05\/img438.jpg 1722w\" sizes=\"auto, (max-width: 709px) 85vw, (max-width: 909px) 67vw, (max-width: 1362px) 62vw, 840px\" \/><\/a><figcaption class=\"wp-element-caption\">\u00c1lbum n\u00famero 4<\/figcaption><\/figure>\n\n\n\n<p><\/p>\n\n\n\n<figure class=\"wp-block-image size-large\"><a href=\"https:\/\/www.amazon.es\/photos\/share\/Shy23lyRce9a2UL22DSnBbZPod2zeLC8a63UllB1hj9\"><img loading=\"lazy\" decoding=\"async\" width=\"1024\" height=\"680\" src=\"https:\/\/rafaelartacho.es\/wp-content\/uploads\/2025\/05\/img486-1024x680.jpg\" alt=\"\" class=\"wp-image-1466\" srcset=\"https:\/\/rafaelartacho.es\/wp-content\/uploads\/2025\/05\/img486-1024x680.jpg 1024w, https:\/\/rafaelartacho.es\/wp-content\/uploads\/2025\/05\/img486-300x199.jpg 300w, https:\/\/rafaelartacho.es\/wp-content\/uploads\/2025\/05\/img486-768x510.jpg 768w, https:\/\/rafaelartacho.es\/wp-content\/uploads\/2025\/05\/img486-1536x1020.jpg 1536w, https:\/\/rafaelartacho.es\/wp-content\/uploads\/2025\/05\/img486-1200x797.jpg 1200w, https:\/\/rafaelartacho.es\/wp-content\/uploads\/2025\/05\/img486.jpg 1697w\" sizes=\"auto, (max-width: 709px) 85vw, (max-width: 909px) 67vw, (max-width: 1362px) 62vw, 840px\" \/><\/a><figcaption class=\"wp-element-caption\">\u00c1lbum n\u00famero 5<\/figcaption><\/figure>\n\n\n\n<p><\/p>\n\n\n\n<figure class=\"wp-block-image size-large\"><a href=\"https:\/\/www.amazon.es\/photos\/share\/qpYExPO71brPBcUBPl55y2lejmF9K86uLmISDxV6Ltk\"><img loading=\"lazy\" decoding=\"async\" width=\"1024\" height=\"686\" src=\"https:\/\/rafaelartacho.es\/wp-content\/uploads\/2025\/05\/img594-1024x686.jpg\" alt=\"\" class=\"wp-image-1467\" srcset=\"https:\/\/rafaelartacho.es\/wp-content\/uploads\/2025\/05\/img594-1024x686.jpg 1024w, https:\/\/rafaelartacho.es\/wp-content\/uploads\/2025\/05\/img594-300x201.jpg 300w, https:\/\/rafaelartacho.es\/wp-content\/uploads\/2025\/05\/img594-768x515.jpg 768w, https:\/\/rafaelartacho.es\/wp-content\/uploads\/2025\/05\/img594-1536x1029.jpg 1536w, https:\/\/rafaelartacho.es\/wp-content\/uploads\/2025\/05\/img594-1200x804.jpg 1200w, https:\/\/rafaelartacho.es\/wp-content\/uploads\/2025\/05\/img594.jpg 1746w\" sizes=\"auto, (max-width: 709px) 85vw, (max-width: 909px) 67vw, (max-width: 1362px) 62vw, 840px\" \/><\/a><figcaption class=\"wp-element-caption\">\u00c1lbum n\u00famero 6<\/figcaption><\/figure>\n\n\n\n<p><\/p>\n\n\n\n<figure class=\"wp-block-image size-large\"><a href=\"https:\/\/www.amazon.es\/photos\/share\/x9KLcmViSPpetQzZyVUF6HlaYp1JCEe91aGYrxDC0PT\"><img loading=\"lazy\" decoding=\"async\" width=\"1024\" height=\"591\" src=\"https:\/\/rafaelartacho.es\/wp-content\/uploads\/2025\/05\/img763-1024x591.jpg\" alt=\"\" class=\"wp-image-1468\" srcset=\"https:\/\/rafaelartacho.es\/wp-content\/uploads\/2025\/05\/img763-1024x591.jpg 1024w, https:\/\/rafaelartacho.es\/wp-content\/uploads\/2025\/05\/img763-300x173.jpg 300w, https:\/\/rafaelartacho.es\/wp-content\/uploads\/2025\/05\/img763-768x443.jpg 768w, https:\/\/rafaelartacho.es\/wp-content\/uploads\/2025\/05\/img763-1536x887.jpg 1536w, https:\/\/rafaelartacho.es\/wp-content\/uploads\/2025\/05\/img763-1200x693.jpg 1200w, https:\/\/rafaelartacho.es\/wp-content\/uploads\/2025\/05\/img763.jpg 1746w\" sizes=\"auto, (max-width: 709px) 85vw, (max-width: 909px) 67vw, (max-width: 1362px) 62vw, 840px\" \/><\/a><figcaption class=\"wp-element-caption\">\u00c1lbum n\u00famero 7<\/figcaption><\/figure>\n\n\n\n<p><\/p>\n\n\n\n<figure class=\"wp-block-image size-large\"><a href=\"https:\/\/www.amazon.es\/photos\/share\/v1kwrHMIaNeah0lo4tWivf6f4VHHP6CCFVDfMYtkwh5\"><img loading=\"lazy\" decoding=\"async\" width=\"1024\" height=\"683\" src=\"https:\/\/rafaelartacho.es\/wp-content\/uploads\/2025\/05\/img955-1024x683.jpg\" alt=\"\" class=\"wp-image-1469\" srcset=\"https:\/\/rafaelartacho.es\/wp-content\/uploads\/2025\/05\/img955-1024x683.jpg 1024w, https:\/\/rafaelartacho.es\/wp-content\/uploads\/2025\/05\/img955-300x200.jpg 300w, https:\/\/rafaelartacho.es\/wp-content\/uploads\/2025\/05\/img955-768x512.jpg 768w, https:\/\/rafaelartacho.es\/wp-content\/uploads\/2025\/05\/img955-1536x1024.jpg 1536w, https:\/\/rafaelartacho.es\/wp-content\/uploads\/2025\/05\/img955-1200x800.jpg 1200w, https:\/\/rafaelartacho.es\/wp-content\/uploads\/2025\/05\/img955.jpg 1764w\" sizes=\"auto, (max-width: 709px) 85vw, (max-width: 909px) 67vw, (max-width: 1362px) 62vw, 840px\" \/><\/a><figcaption class=\"wp-element-caption\">\u00c1lbum n\u00famero 8<\/figcaption><\/figure>\n\n\n\n<p><\/p>\n","protected":false},"excerpt":{"rendered":"<p>Tambi\u00e9n he conseguido los \u00e1lbumes de fotos de la etapa m\u00e1s importante de mi vida, los he escaneado y he puesto en la nube para que mi hijos, nietos y dem\u00e1s familia puedan verlos. Son ocho \u00e1lbumes y est\u00e1n ordenados por fecha (m\u00e1s o menos). Aqu\u00ed est\u00e1 el resultado. (Pinchando en cada foto se ve &hellip; <a href=\"https:\/\/rafaelartacho.es\/index.php\/mis-albumes-de-casado\/\" class=\"more-link\">Continuar leyendo<span class=\"screen-reader-text\"> \u00abMIS ALBUMES DE CASADO\u00bb<\/span><\/a><\/p>\n","protected":false},"author":1,"featured_media":0,"parent":0,"menu_order":0,"comment_status":"closed","ping_status":"closed","template":"","meta":{"footnotes":""},"class_list":["post-1457","page","type-page","status-publish","hentry"],"_links":{"self":[{"href":"https:\/\/rafaelartacho.es\/index.php\/wp-json\/wp\/v2\/pages\/1457","targetHints":{"allow":["GET"]}}],"collection":[{"href":"https:\/\/rafaelartacho.es\/index.php\/wp-json\/wp\/v2\/pages"}],"about":[{"href":"https:\/\/rafaelartacho.es\/index.php\/wp-json\/wp\/v2\/types\/page"}],"author":[{"embeddable":true,"href":"https:\/\/rafaelartacho.es\/index.php\/wp-json\/wp\/v2\/users\/1"}],"replies":[{"embeddable":true,"href":"https:\/\/rafaelartacho.es\/index.php\/wp-json\/wp\/v2\/comments?post=1457"}],"version-history":[{"count":8,"href":"https:\/\/rafaelartacho.es\/index.php\/wp-json\/wp\/v2\/pages\/1457\/revisions"}],"predecessor-version":[{"id":1480,"href":"https:\/\/rafaelartacho.es\/index.php\/wp-json\/wp\/v2\/pages\/1457\/revisions\/1480"}],"wp:attachment":[{"href":"https:\/\/rafaelartacho.es\/index.php\/wp-json\/wp\/v2\/media?parent=1457"}],"curies":[{"name":"wp","href":"https:\/\/api.w.org\/{rel}","templated":true}]}}